{"id":1889,"date":"2022-12-02T16:24:24","date_gmt":"2022-12-02T15:24:24","guid":{"rendered":"http:\/\/cabinis.cluster031.hosting.ovh.net\/?page_id=1889"},"modified":"2022-12-09T18:56:28","modified_gmt":"2022-12-09T17:56:28","slug":"mentions-legales-2","status":"publish","type":"page","link":"https:\/\/www.cabinet-eslpatrimoine.com\/index.php\/mentions-legales-2\/","title":{"rendered":"Mentions l\u00e9gales"},"content":{"rendered":"\t\t<div data-elementor-type=\"wp-page\" data-elementor-id=\"1889\" class=\"elementor elementor-1889\">\n\t\t\t\t\t\t\t\t\t<section class=\"elementor-section elementor-top-section elementor-element elementor-element-6e2b09b elementor-section-boxed elementor-section-height-default elementor-section-height-default\" data-id=\"6e2b09b\" data-element_type=\"section\">\n\t\t\t\t\t\t<div class=\"elementor-container elementor-column-gap-default\">\n\t\t\t\t\t<div class=\"elementor-column elementor-col-100 elementor-top-column elementor-element elementor-element-3769f6f\" data-id=\"3769f6f\" data-element_type=\"column\">\n\t\t\t<div class=\"elementor-widget-wrap elementor-element-populated\">\n\t\t\t\t\t\t\t\t<div class=\"elementor-element elementor-element-8c64c1f elementor-widget elementor-widget-text-editor\" data-id=\"8c64c1f\" data-element_type=\"widget\" data-widget_type=\"text-editor.default\">\n\t\t\t\t<div class=\"elementor-widget-container\">\n\t\t\t<style>\/*! elementor - v3.10.0 - 09-01-2023 *\/\n.elementor-widget-text-editor.elementor-drop-cap-view-stacked .elementor-drop-cap{background-color:#818a91;color:#fff}.elementor-widget-text-editor.elementor-drop-cap-view-framed .elementor-drop-cap{color:#818a91;border:3px solid;background-color:transparent}.elementor-widget-text-editor:not(.elementor-drop-cap-view-default) .elementor-drop-cap{margin-top:8px}.elementor-widget-text-editor:not(.elementor-drop-cap-view-default) .elementor-drop-cap-letter{width:1em;height:1em}.elementor-widget-text-editor .elementor-drop-cap{float:left;text-align:center;line-height:1;font-size:50px}.elementor-widget-text-editor .elementor-drop-cap-letter{display:inline-block}<\/style>\t\t\t\t<div style=\"font-family: 'Times New Roman', serif; line-height: 18pt; color: #000000;\"><p style=\"font-size: 12pt; line-height: 18pt; text-align: center;\"><br style=\"font-size: 12pt; line-height: 18pt;\" \/><br style=\"font-size: 12pt; line-height: 18pt;\" \/><b>MENTIONS LEGALES<\/b><br style=\"font-size: 12pt; line-height: 18pt;\" \/><br style=\"font-size: 12pt; line-height: 18pt;\" \/><span style=\"font-size: 12pt; line-height: 18pt; font-weight: bold;\">https:\/\/www.cabinet-eslpatrimoine.com\/<\/span><br style=\"font-size: 12pt; line-height: 18pt;\" \/>CABINET ESL PATRIMOINE S.A.R.L<br style=\"font-size: 12pt; line-height: 18pt;\" \/><br style=\"font-size: 12pt; line-height: 18pt;\" \/>Type de site\u00a0: vitrine<\/p><\/div><div style=\"font-family: 'Times New Roman', serif; line-height: 18pt; color: #000000;\"><p>CABINET ESL PATRIMOINE<\/p><p>Cabinet eslpatrimoine; sarl capital 2500\u20ac; Siege social 4 Annorville 45300 Bouilly; contact@cabinet-eslpatrimoine.com; RCS ORLEANS; SIREN 891895369; Siret 89189536900017; N\u00b0 TVA FR95 891 895 369; APE 7022Z; Carte transaction immobili\u00e8re N\u00b0CPI 4501 2021 000 000 008 valid 01042024<br \/>Cat\u00e9gorie : COBSP, COA contrat RCPro N\u00b0 RCP2101195789 \/ RCP2102227142 souscrite aupr\u00e8s de Assurup<\/p><p><br \/>Nous sommes interm\u00e9diaires en assurances, immatricul\u00e9es \u00e0 l&rsquo;ORIAS et exer\u00e7ant sous le statut de courtier, vous pouvez retrouver ces informations sur le site de l&rsquo;ORIAS \u00e0 l&rsquo;adresse suivante www.orias.fr.; N\u00b0 Orias 21001098;<\/p><p><br \/>Garantie financi\u00e8re et responsabilit\u00e9 civile professionnelle conforme aux articles L530.1 et L530.2 du code des assurances.<\/p><p><br \/>L 521- 2- II -1-B : Notre cabinet n&rsquo;est pas soumis \u00e0 une obligation contractuelle de travailler exclusivement avec une ou plusieurs entreprises d&rsquo;assurance et notre proposition est issue d&rsquo;une \u00e9tude comparative de contrats propos\u00e9s sur le march\u00e9. Nous ne sommes pas tenus de fournir une analyse sur un nombre minimum de contrat d&rsquo;assurances.<\/p><p><br \/>Notre cabinet Eslpatrimoine ne d\u00e9tient pas de participation directe ou indirecte dans une soci\u00e9t\u00e9 d&rsquo;assurance. Par ailleurs, aucune soci\u00e9t\u00e9 d&rsquo;assurance ne d\u00e9tient de participation directe ou indirecte dans Eslpatrimoine.<br \/>M\u00e9diateur : ANACOFI mediation@anacofi.asso.fr<\/p><p><br \/>ESL Patrimoine est soumis dans le cadre de son activit\u00e9 d&rsquo;interm\u00e9diaire d&rsquo;assurance \u00e0 la r\u00e9glementation de l&rsquo;Autorit\u00e9 de Contr\u00f4le Prudentiel et de R\u00e9solution (ACPR) dont les coordonn\u00e9es sont les suivantes :<br \/>Autorit\u00e9 de Contr\u00f4le Prudentiel et de R\u00e9solution (ACPR) 4 Pl. de Budapest CS 92459, 75436 Paris<\/p><p>RECOURS ET R\u00c9CLAMATIONS : 09 85 00 41 10 contact@cabinet-eslpatrimoine.com 4 rue annorville 45300 Bouilly<\/p><p style=\"font-size: 12pt; line-height: 18pt;\">\u00a0<\/p><\/div><div style=\"font-family: 'Times New Roman', serif; line-height: 18pt; color: #000000;\">\u00a0<\/div><div style=\"font-family: 'Times New Roman', serif; line-height: 18pt; color: #000000;\"><p style=\"font-size: 12pt; line-height: 18pt;\"><span style=\"font-size: 12pt; line-height: 18pt; font-weight: bold;\"><u style=\"font-size: 12pt; line-height: 18pt;\">Contact<\/u><\/span><\/p><p style=\"font-size: 12pt; line-height: 18pt;\">Si vous avez des questions \u00e0 nous poser, n\u2019h\u00e9sitez pas \u00e0 communiquer avec nous en utilisant ce qui suit\u00a0:<br style=\"font-size: 12pt; line-height: 18pt;\" \/>09 85 00 41 10<br style=\"font-size: 12pt; line-height: 18pt;\" \/>contact@esl-patrimoine.com<br style=\"font-size: 12pt; line-height: 18pt;\" \/>4 rue Annorville 45300 Bouilly<\/p><\/div><p style=\"font-family: 'Times New Roman', serif; font-size: 16px; line-height: 18pt; color: #000000; font-style: normal; font-weight: 400;\"><br style=\"font-size: 12pt; line-height: 18pt;\" \/><em style=\"font-size: 12pt; line-height: 18pt;\">Date d\u2019entr\u00e9e en vigueur\u00a0:\u00a0<\/em>le 17 novembre 2022<\/p><div class=\"LDCopyright\" style=\"font-family: 'Times New Roman', serif; line-height: 18pt; color: #000000;\"><p style=\"font-size: 12pt; line-height: 18pt;\">\u00a0<\/p><p style=\"font-size: 12pt; line-height: 18pt;\">\u00a0<\/p><\/div>\t\t\t\t\t\t<\/div>\n\t\t\t\t<\/div>\n\t\t\t\t\t<\/div>\n\t\t<\/div>\n\t\t\t\t\t\t\t<\/div>\n\t\t<\/section>\n\t\t\t\t\t\t\t<\/div>\n\t\t","protected":false},"excerpt":{"rendered":"<p>MENTIONS LEGALEShttps:\/\/www.cabinet-eslpatrimoine.com\/CABINET ESL PATRIMOINE S.A.R.LType de site\u00a0: vitrine CABINET ESL PATRIMOINE Cabinet eslpatrimoine; sarl capital 2500\u20ac; Siege social 4 Annorville 45300 Bouilly; contact@cabinet-eslpatrimoine.com; RCS ORLEANS; SIREN 891895369; Siret 89189536900017; N\u00b0 TVA FR95 891 895 369; APE 7022Z; Carte transaction immobili\u00e8re N\u00b0CPI 4501 2021 000 000 008 valid 01042024Cat\u00e9gorie : COBSP, COA contrat RCPro N\u00b0 RCP2101195789 &hellip;<\/p>\n<p class=\"read-more\"> <a class=\"\" href=\"https:\/\/www.cabinet-eslpatrimoine.com\/index.php\/mentions-legales-2\/\"> <span class=\"screen-reader-text\">Mentions l\u00e9gales<\/span> Lire la suite\u00a0\u00bb<\/a><\/p>\n","protected":false},"author":1,"featured_media":0,"parent":0,"menu_order":0,"comment_status":"closed","ping_status":"closed","template":"","meta":{"site-sidebar-layout":"default","site-content-layout":"default","ast-global-header-display":"","ast-main-header-display":"","ast-hfb-above-header-display":"","ast-hfb-below-header-display":"","ast-hfb-mobile-header-display":"","site-post-title":"","ast-breadcrumbs-content":"","ast-featured-img":"","footer-sml-layout":"","theme-transparent-header-meta":"","adv-header-id-meta":"","stick-header-meta":"","header-above-stick-meta":"","header-main-stick-meta":"","header-below-stick-meta":"","footnotes":""},"class_list":["post-1889","page","type-page","status-publish","hentry"],"_links":{"self":[{"href":"https:\/\/www.cabinet-eslpatrimoine.com\/index.php\/wp-json\/wp\/v2\/pages\/1889","targetHints":{"allow":["GET"]}}],"collection":[{"href":"https:\/\/www.cabinet-eslpatrimoine.com\/index.php\/wp-json\/wp\/v2\/pages"}],"about":[{"href":"https:\/\/www.cabinet-eslpatrimoine.com\/index.php\/wp-json\/wp\/v2\/types\/page"}],"author":[{"embeddable":true,"href":"https:\/\/www.cabinet-eslpatrimoine.com\/index.php\/wp-json\/wp\/v2\/users\/1"}],"replies":[{"embeddable":true,"href":"https:\/\/www.cabinet-eslpatrimoine.com\/index.php\/wp-json\/wp\/v2\/comments?post=1889"}],"version-history":[{"count":6,"href":"https:\/\/www.cabinet-eslpatrimoine.com\/index.php\/wp-json\/wp\/v2\/pages\/1889\/revisions"}],"predecessor-version":[{"id":1955,"href":"https:\/\/www.cabinet-eslpatrimoine.com\/index.php\/wp-json\/wp\/v2\/pages\/1889\/revisions\/1955"}],"wp:attachment":[{"href":"https:\/\/www.cabinet-eslpatrimoine.com\/index.php\/wp-json\/wp\/v2\/media?parent=1889"}],"curies":[{"name":"wp","href":"https:\/\/api.w.org\/{rel}","templated":true}]}}